{"id":90,"date":"2025-08-30T17:47:35","date_gmt":"2025-08-30T15:47:35","guid":{"rendered":"http:\/\/localhost\/wordpress\/index.php\/contact\/"},"modified":"2025-09-20T00:53:48","modified_gmt":"2025-09-19T22:53:48","slug":"contact","status":"publish","type":"page","link":"https:\/\/douceurdefee61.fr\/index.php\/contact\/","title":{"rendered":"Contact"},"content":{"rendered":"<style>.kb-row-layout-id90_818c63-a4 > .kt-row-column-wrap{align-content:end;}:where(.kb-row-layout-id90_818c63-a4 > .kt-row-column-wrap) > .wp-block-kadence-column{justify-content:end;}.kb-row-layout-id90_818c63-a4 > .kt-row-column-wrap{column-gap:var(--global-kb-gap-md, 2rem);row-gap:var(--global-kb-gap-md, 2rem);max-width:var( --global-content-width, 1331px );padding-left:var(--global-content-edge-padding);padding-right:var(--global-content-edge-padding);padding-top:var(--global-kb-spacing-5xl, 10rem);padding-bottom:var(--global-kb-spacing-4xl, 8rem);min-height:600px;grid-template-columns:minmax(0, 1fr);}.kb-row-layout-id90_818c63-a4{background-image:url('https:\/\/douceurdefee61.fr\/wp-content\/uploads\/2025\/08\/three-women-engaging-in-a-spiritual-meditation.jpeg');background-size:cover;background-position:center center;background-attachment:scroll;background-repeat:no-repeat;}.kb-row-layout-id90_818c63-a4 > .kt-row-layout-overlay{opacity:0.85;background-color:var(--global-palette3, #1A202C);mix-blend-mode:normal;}@media all and (max-width: 1024px){.kb-row-layout-id90_818c63-a4 > .kt-row-column-wrap{grid-template-columns:minmax(0, 1fr);}}@media all and (max-width: 767px){.kb-row-layout-id90_818c63-a4 > .kt-row-column-wrap{padding-top:var(--global-kb-spacing-xl, 4rem);padding-bottom:var(--global-kb-spacing-xl, 4rem);grid-template-columns:minmax(0, 1fr);}}<\/style><div class=\"kb-row-layout-wrap kb-row-layout-id90_818c63-a4 alignfull kt-row-has-bg wp-block-kadence-rowlayout\"><div class=\"kt-row-layout-overlay kt-row-overlay-normal\"><\/div><div class=\"kt-row-column-wrap kt-has-1-columns kt-row-layout-equal kt-tab-layout-inherit kt-mobile-layout-row kt-row-valign-bottom kb-theme-content-width\">\n<style>.kadence-column90_e2785e-57 > .kt-inside-inner-col,.kadence-column90_e2785e-57 > .kt-inside-inner-col:before{border-top-left-radius:0px;border-top-right-radius:0px;border-bottom-right-radius:0px;border-bottom-left-radius:0px;}.kadence-column90_e2785e-57 > .kt-inside-inner-col{column-gap:var(--global-kb-gap-sm, 1rem);}.kadence-column90_e2785e-57 > .kt-inside-inner-col{flex-direction:column;}.kadence-column90_e2785e-57 > .kt-inside-inner-col > .aligncenter{width:100%;}.kadence-column90_e2785e-57 > .kt-inside-inner-col:before{opacity:0.3;}.kadence-column90_e2785e-57{position:relative;}@media all and (max-width: 1024px){.kadence-column90_e2785e-57 > .kt-inside-inner-col{flex-direction:column;justify-content:center;}}@media all and (max-width: 767px){.kadence-column90_e2785e-57 > .kt-inside-inner-col{flex-direction:column;justify-content:center;}}<\/style>\n<div class=\"wp-block-kadence-column kadence-column90_e2785e-57 inner-column-1\"><div class=\"kt-inside-inner-col\"><style>.wp-block-kadence-spacer.kt-block-spacer-90_230409-96 .kt-block-spacer{height:40px;}.wp-block-kadence-spacer.kt-block-spacer-90_230409-96 .kt-divider{border-top-width:1px;height:1px;border-top-color:var(--global-palette1, #3182CE);width:15%;border-top-style:solid;}<\/style>\n<div class=\"wp-block-kadence-spacer aligncenter kt-block-spacer-90_230409-96\"><div class=\"kt-block-spacer kt-block-spacer-halign-center\"><hr class=\"kt-divider\"\/><\/div><\/div>\n\n\n<style>.wp-block-kadence-advancedheading.kt-adv-heading90_1112fb-73, .wp-block-kadence-advancedheading.kt-adv-heading90_1112fb-73[data-kb-block=\"kb-adv-heading90_1112fb-73\"]{padding-top:0px;margin-top:0px;text-align:center;font-size:var(--global-kb-font-size-lg, 2rem);line-height:1.1;font-style:normal;}.wp-block-kadence-advancedheading.kt-adv-heading90_1112fb-73 mark.kt-highlight, .wp-block-kadence-advancedheading.kt-adv-heading90_1112fb-73[data-kb-block=\"kb-adv-heading90_1112fb-73\"] mark.kt-highlight{font-style:normal;color:#f76a0c;-webkit-box-decoration-break:clone;box-decoration-break:clone;padding-top:0px;padding-right:0px;padding-bottom:0px;padding-left:0px;}.wp-block-kadence-advancedheading.kt-adv-heading90_1112fb-73 img.kb-inline-image, .wp-block-kadence-advancedheading.kt-adv-heading90_1112fb-73[data-kb-block=\"kb-adv-heading90_1112fb-73\"] img.kb-inline-image{width:150px;vertical-align:baseline;}@media all and (max-width: 1024px){.wp-block-kadence-advancedheading.kt-adv-heading90_1112fb-73, .wp-block-kadence-advancedheading.kt-adv-heading90_1112fb-73[data-kb-block=\"kb-adv-heading90_1112fb-73\"]{font-size:60px;}}@media all and (max-width: 767px){.wp-block-kadence-advancedheading.kt-adv-heading90_1112fb-73, .wp-block-kadence-advancedheading.kt-adv-heading90_1112fb-73[data-kb-block=\"kb-adv-heading90_1112fb-73\"]{font-size:40px;}}<\/style>\n<h1 class=\"kt-adv-heading90_1112fb-73 wp-block-kadence-advancedheading has-theme-palette-9-color has-text-color\" data-kb-block=\"kb-adv-heading90_1112fb-73\">Contactez-nous<\/h1>\n\n\n<style>.wp-block-kadence-advancedheading.kt-adv-heading90_dd3af4-44, .wp-block-kadence-advancedheading.kt-adv-heading90_dd3af4-44[data-kb-block=\"kb-adv-heading90_dd3af4-44\"]{max-width:600px;margin-right:auto;margin-left:auto;text-align:center;font-style:normal;}.wp-block-kadence-advancedheading.kt-adv-heading90_dd3af4-44 mark.kt-highlight, .wp-block-kadence-advancedheading.kt-adv-heading90_dd3af4-44[data-kb-block=\"kb-adv-heading90_dd3af4-44\"] mark.kt-highlight{font-style:normal;color:#f76a0c;-webkit-box-decoration-break:clone;box-decoration-break:clone;padding-top:0px;padding-right:0px;padding-bottom:0px;padding-left:0px;}.wp-block-kadence-advancedheading.kt-adv-heading90_dd3af4-44 img.kb-inline-image, .wp-block-kadence-advancedheading.kt-adv-heading90_dd3af4-44[data-kb-block=\"kb-adv-heading90_dd3af4-44\"] img.kb-inline-image{width:150px;vertical-align:baseline;}<\/style>\n<p class=\"kt-adv-heading90_dd3af4-44 wp-block-kadence-advancedheading has-theme-palette-8-color has-text-color\" data-kb-block=\"kb-adv-heading90_dd3af4-44\">Nous sommes l\u00e0 pour vous aider.<\/p>\n<\/div><\/div>\n\n<\/div><\/div>\n\n<style>.kadence-column90_b9cd2b-ca > .kt-inside-inner-col,.kadence-column90_b9cd2b-ca > .kt-inside-inner-col:before{border-top-left-radius:0px;border-top-right-radius:0px;border-bottom-right-radius:0px;border-bottom-left-radius:0px;}.kadence-column90_b9cd2b-ca > .kt-inside-inner-col{column-gap:var(--global-kb-gap-sm, 1rem);}.kadence-column90_b9cd2b-ca > .kt-inside-inner-col{flex-direction:column;}.kadence-column90_b9cd2b-ca > .kt-inside-inner-col > .aligncenter{width:100%;}.kadence-column90_b9cd2b-ca > .kt-inside-inner-col:before{opacity:0.3;}.kadence-column90_b9cd2b-ca{position:relative;}@media all and (max-width: 1024px){.kadence-column90_b9cd2b-ca > .kt-inside-inner-col{flex-direction:column;justify-content:center;}}@media all and (max-width: 767px){.kadence-column90_b9cd2b-ca > .kt-inside-inner-col{flex-direction:column;justify-content:center;}}<\/style>\n<div class=\"wp-block-kadence-column kadence-column90_b9cd2b-ca alignfull\"><div class=\"kt-inside-inner-col\"><\/div><\/div>\n\n\n<style>.kb-row-layout-id90_9413f5-e4 > .kt-row-column-wrap{align-content:start;}:where(.kb-row-layout-id90_9413f5-e4 > .kt-row-column-wrap) > .wp-block-kadence-column{justify-content:start;}.kb-row-layout-id90_9413f5-e4 > .kt-row-column-wrap{column-gap:var(--global-kb-gap-md, 2rem);row-gap:var(--global-kb-gap-md, 2rem);max-width:700px;margin-left:auto;margin-right:auto;padding-top:var(--global-kb-spacing-xl, 4rem);padding-bottom:var(--global-kb-spacing-xxl, 5rem);grid-template-columns:minmax(0, 1fr);}.kb-row-layout-id90_9413f5-e4{background-image:url('https:\/\/douceurdefee61.fr\/wp-content\/uploads\/2025\/08\/Example-Background-Image.jpg');background-size:cover;background-position:center center;background-attachment:scroll;background-repeat:no-repeat;}.kb-row-layout-id90_9413f5-e4 > .kt-row-layout-overlay{opacity:0.85;background-color:var(--global-palette4, #2D3748);}@media all and (max-width: 1024px){.kb-row-layout-id90_9413f5-e4 > .kt-row-column-wrap{grid-template-columns:minmax(0, 1fr);}}@media all and (max-width: 767px){.kb-row-layout-id90_9413f5-e4 > .kt-row-column-wrap{grid-template-columns:minmax(0, 1fr);}}<\/style><div class=\"kb-row-layout-wrap kb-row-layout-id90_9413f5-e4 alignfull has-theme-palette4-background-color kt-row-has-bg wp-block-kadence-rowlayout\"><div class=\"kt-row-layout-overlay kt-row-overlay-normal\"><\/div><div class=\"kt-row-column-wrap kt-has-1-columns kt-row-layout-equal kt-tab-layout-inherit kt-mobile-layout-row kt-row-valign-top\">\n<style>.kadence-column90_69e0bd-30 > .kt-inside-inner-col,.kadence-column90_69e0bd-30 > .kt-inside-inner-col:before{border-top-left-radius:0px;border-top-right-radius:0px;border-bottom-right-radius:0px;border-bottom-left-radius:0px;}.kadence-column90_69e0bd-30 > .kt-inside-inner-col{column-gap:var(--global-kb-gap-sm, 1rem);}.kadence-column90_69e0bd-30 > .kt-inside-inner-col{flex-direction:column;}.kadence-column90_69e0bd-30 > .kt-inside-inner-col > .aligncenter{width:100%;}.kadence-column90_69e0bd-30 > .kt-inside-inner-col:before{opacity:0.3;}.kadence-column90_69e0bd-30{position:relative;}@media all and (max-width: 1024px){.kadence-column90_69e0bd-30 > .kt-inside-inner-col{flex-direction:column;justify-content:center;}}@media all and (max-width: 767px){.kadence-column90_69e0bd-30 > .kt-inside-inner-col{flex-direction:column;justify-content:center;}}<\/style>\n<div class=\"wp-block-kadence-column kadence-column90_69e0bd-30 inner-column-1\"><div class=\"kt-inside-inner-col\"><style>.wp-block-kadence-advancedheading.kt-adv-heading90_115cd5-32, .wp-block-kadence-advancedheading.kt-adv-heading90_115cd5-32[data-kb-block=\"kb-adv-heading90_115cd5-32\"]{text-align:center;font-style:normal;}.wp-block-kadence-advancedheading.kt-adv-heading90_115cd5-32 mark.kt-highlight, .wp-block-kadence-advancedheading.kt-adv-heading90_115cd5-32[data-kb-block=\"kb-adv-heading90_115cd5-32\"] mark.kt-highlight{font-style:normal;color:#f76a0c;-webkit-box-decoration-break:clone;box-decoration-break:clone;padding-top:0px;padding-right:0px;padding-bottom:0px;padding-left:0px;}.wp-block-kadence-advancedheading.kt-adv-heading90_115cd5-32 img.kb-inline-image, .wp-block-kadence-advancedheading.kt-adv-heading90_115cd5-32[data-kb-block=\"kb-adv-heading90_115cd5-32\"] img.kb-inline-image{width:150px;vertical-align:baseline;}<\/style>\n<h2 class=\"kt-adv-heading90_115cd5-32 wp-block-kadence-advancedheading has-theme-palette-9-color has-text-color\" data-kb-block=\"kb-adv-heading90_115cd5-32\">Contactez-nous <\/h2>\n\n\n<style>.wp-block-kadence-advancedheading.kt-adv-heading90_ba9757-c8, .wp-block-kadence-advancedheading.kt-adv-heading90_ba9757-c8[data-kb-block=\"kb-adv-heading90_ba9757-c8\"]{text-align:center;font-style:normal;}.wp-block-kadence-advancedheading.kt-adv-heading90_ba9757-c8 mark.kt-highlight, .wp-block-kadence-advancedheading.kt-adv-heading90_ba9757-c8[data-kb-block=\"kb-adv-heading90_ba9757-c8\"] mark.kt-highlight{font-style:normal;color:#f76a0c;-webkit-box-decoration-break:clone;box-decoration-break:clone;padding-top:0px;padding-right:0px;padding-bottom:0px;padding-left:0px;}.wp-block-kadence-advancedheading.kt-adv-heading90_ba9757-c8 img.kb-inline-image, .wp-block-kadence-advancedheading.kt-adv-heading90_ba9757-c8[data-kb-block=\"kb-adv-heading90_ba9757-c8\"] img.kb-inline-image{width:150px;vertical-align:baseline;}<\/style>\n<h2 class=\"kt-adv-heading90_ba9757-c8 wp-block-kadence-advancedheading has-theme-palette-9-color has-text-color\" data-kb-block=\"kb-adv-heading90_ba9757-c8\">Mail ou t\u00e9l\u00e9phone<\/h2>\n\n\n<style>.wp-block-kadence-advancedheading.kt-adv-heading90_e0ced1-bc, .wp-block-kadence-advancedheading.kt-adv-heading90_e0ced1-bc[data-kb-block=\"kb-adv-heading90_e0ced1-bc\"]{max-width:550px;margin-right:auto;margin-left:auto;text-align:center;font-style:normal;}.wp-block-kadence-advancedheading.kt-adv-heading90_e0ced1-bc mark.kt-highlight, .wp-block-kadence-advancedheading.kt-adv-heading90_e0ced1-bc[data-kb-block=\"kb-adv-heading90_e0ced1-bc\"] mark.kt-highlight{font-style:normal;color:#f76a0c;-webkit-box-decoration-break:clone;box-decoration-break:clone;padding-top:0px;padding-right:0px;padding-bottom:0px;padding-left:0px;}.wp-block-kadence-advancedheading.kt-adv-heading90_e0ced1-bc img.kb-inline-image, .wp-block-kadence-advancedheading.kt-adv-heading90_e0ced1-bc[data-kb-block=\"kb-adv-heading90_e0ced1-bc\"] img.kb-inline-image{width:150px;vertical-align:baseline;}<\/style>\n<p class=\"kt-adv-heading90_e0ced1-bc wp-block-kadence-advancedheading has-theme-palette-9-color has-text-color\" data-kb-block=\"kb-adv-heading90_e0ced1-bc\"><strong>Mon Num\u00e9ro : 06.32.41.82.22<\/strong><\/p>\n\n\n<style>.wp-block-kadence-advancedheading.kt-adv-heading90_d88da1-f6, .wp-block-kadence-advancedheading.kt-adv-heading90_d88da1-f6[data-kb-block=\"kb-adv-heading90_d88da1-f6\"]{max-width:550px;margin-right:auto;margin-left:auto;text-align:center;font-style:normal;}.wp-block-kadence-advancedheading.kt-adv-heading90_d88da1-f6 mark.kt-highlight, .wp-block-kadence-advancedheading.kt-adv-heading90_d88da1-f6[data-kb-block=\"kb-adv-heading90_d88da1-f6\"] mark.kt-highlight{font-style:normal;color:#f76a0c;-webkit-box-decoration-break:clone;box-decoration-break:clone;padding-top:0px;padding-right:0px;padding-bottom:0px;padding-left:0px;}.wp-block-kadence-advancedheading.kt-adv-heading90_d88da1-f6 img.kb-inline-image, .wp-block-kadence-advancedheading.kt-adv-heading90_d88da1-f6[data-kb-block=\"kb-adv-heading90_d88da1-f6\"] img.kb-inline-image{width:150px;vertical-align:baseline;}<\/style>\n<p class=\"kt-adv-heading90_d88da1-f6 wp-block-kadence-advancedheading has-theme-palette-9-color has-text-color\" data-kb-block=\"kb-adv-heading90_d88da1-f6\"><strong>Nous sommes l\u00e0 pour vous aider.<\/strong><\/p>\n\n\n<style>.wp-block-kadence-form.kadence-form-90_7e38e2-ea.kb-form-wrap{margin-top:0px;margin-bottom:0px;}.kadence-form-90_7e38e2-ea .kb-form .kadence-blocks-form-field .kb-text-style-field, .kadence-form-90_7e38e2-ea .kb-form .kadence-blocks-form-field .kb-select-style-field{color:var(--global-palette9, #ffffff);border-radius:0px;border-width:0px 0px 2px 0px;background:rgba(0, 0, 0, 0);border-color:var(--global-palette1, #3182CE);}.kadence-form-90_7e38e2-ea .kb-form .kadence-blocks-form-field > label{color:var(--global-palette9, #ffffff);font-size:var(--global-kb-font-size-sm, 0.9rem);}.kadence-form-90_7e38e2-ea .kb-form .kadence-blocks-form-field .kb-forms-submit{border-radius:5px;background:var(--global-palette1, #3182CE);}.kadence-form-90_7e38e2-ea .kb-form .kadence-blocks-form-field .kb-forms-submit:hover, .kadence-form-90_7e38e2-ea .kb-form .kadence-blocks-form-field .kb-forms-submit:focus {background:var(--global-palette2, #2B6CB0);}.kadence-form-90_7e38e2-ea .kb-form .kadence-blocks-form-field .kb-forms-submit{font-size:var(--global-kb-font-size-sm, 0.9rem);letter-spacing:1px;text-transform:uppercase;font-weight:600;}.kb-form input.kadence-blocks-field.verify{opacity:0.0;position:absolute;top:0.0;left:0.0;width:0.0;height:0.0;z-index:-1;}<\/style>\n<div class=\"wp-block-kadence-form kadence-form-90_7e38e2-ea kb-form-wrap kb-form-align-left\"><form class=\"kb-form\" action=\"\" method=\"post\"><div class=\"kadence-blocks-form-field kb-field-desk-width-100 kb-input-size-standard\"><label for=\"kb_field_90_7e38e2-ea_0\">Votre nom et pr\u00e9nom<\/label><input name=\"kb_field_0\" id=\"kb_field_90_7e38e2-ea_0\" data-label=\"Votre nom et pr\u00e9nom\" type=\"text\" placeholder=\"\" value=\"\" data-type=\"text\" class=\"kb-field kb-text-style-field kb-text-field kb-field-0\"\/><\/div><div class=\"kadence-blocks-form-field kb-form-field-1 kb-field-desk-width-100 kb-input-size-standard\"><label for=\"kb_field_90_7e38e2-ea_1\">Votre adresse mail<span class=\"required\">*<\/span><\/label><input name=\"kb_field_1\" id=\"kb_field_90_7e38e2-ea_1\" data-label=\"Votre adresse mail\" type=\"email\" placeholder=\"\" value=\"\" data-type=\"email\" class=\"kb-field kb-text-style-field kb-email-field kb-field-1\" data-required=\"yes\"\/><\/div><div class=\"kadence-blocks-form-field kb-form-field-2 kb-field-desk-width-50 kb-input-size-standard\"><label for=\"kb_field_90_7e38e2-ea_2\">Votre Num\u00e9ro de t\u00e9l\u00e9phone<\/label><input name=\"kb_field_2\" id=\"kb_field_90_7e38e2-ea_2\" data-label=\"Votre Num\u00e9ro de t\u00e9l\u00e9phone\" type=\"tel\" placeholder=\"\" value=\"\" data-type=\"tel\" class=\"kb-field kb-text-style-field kb-tel-field kb-field-2\"\/><\/div><div class=\"kadence-blocks-form-field kb-form-field-3 kb-field-desk-width-50 kb-input-size-standard\"><label for=\"kb_field_90_7e38e2-ea_3\">Objet<\/label><input name=\"kb_field_3\" id=\"kb_field_90_7e38e2-ea_3\" data-label=\"Objet\" type=\"text\" placeholder=\"\" value=\"\" data-type=\"text\" class=\"kb-field kb-text-style-field kb-text-field kb-field-3\"\/><\/div><div class=\"kadence-blocks-form-field kb-form-field-4 kb-field-desk-width-100 kb-input-size-standard\"><label for=\"kb_field_90_7e38e2-ea_4\">Message<span class=\"required\">*<\/span><\/label><textarea name=\"kb_field_4\" id=\"kb_field_90_7e38e2-ea_4\" data-label=\"Message\" type=\"textarea\" placeholder=\"\" data-type=\"textarea\" class=\"kb-field kb-text-style-field kb-textarea-field kb-field-4\" rows=\"4\" data-required=\"yes\"><\/textarea><\/div><input type=\"hidden\" name=\"_kb_form_id\" value=\"90_7e38e2-ea\"\/><input type=\"hidden\" name=\"_kb_form_post_id\" value=\"90\"\/><input type=\"hidden\" name=\"action\" value=\"kb_process_ajax_submit\"\/><label class=\"kadence-verify-label\">Email<input class=\"kadence-blocks-field verify\" type=\"text\" name=\"_kb_verify_email\" autocomplete=\"new-password\" aria-hidden=\"true\" placeholder=\"Email\" tabindex=\"-1\" data-1p-ignore=\"true\" data-lpignore=\"true\" \/><\/label><div class=\"kadence-blocks-form-field kb-submit-field kb-field-desk-width-100\"><button class=\"kb-forms-submit button kb-button-size-standard kb-button-width-full\">Envoyer votre message<\/button><\/div><\/form><\/div>\n<noscript><div class=\"kadence-blocks-form-message kadence-blocks-form-warning\">Veuillez activer JavaScript dans votre navigateur pour envoyer le formulaire.<\/div><style>.kadence-form-90_7e38e2-ea .kadence-blocks-form-field.kb-submit-field { display: none; }<\/style><\/noscript><\/div><\/div>\n\n<\/div><\/div>","protected":false},"excerpt":{"rendered":"<p>Contactez-nous Nous sommes l\u00e0 pour vous aider. Contactez-nous Mail ou t\u00e9l\u00e9phone Mon Num\u00e9ro : 06.32.41.82.22 Nous sommes l\u00e0 pour vous aider.<\/p>\n","protected":false},"author":1,"featured_media":0,"parent":0,"menu_order":0,"comment_status":"closed","ping_status":"closed","template":"","meta":{"_kadence_starter_templates_imported_post":true,"_kad_post_transparent":"","_kad_post_title":"hide","_kad_post_layout":"fullwidth","_kad_post_sidebar_id":"","_kad_post_content_style":"unboxed","_kad_post_vertical_padding":"hide","_kad_post_feature":"hide","_kad_post_feature_position":"","_kad_post_header":false,"_kad_post_footer":false,"_kad_post_classname":"","footnotes":""},"class_list":["post-90","page","type-page","status-publish","hentry"],"_links":{"self":[{"href":"https:\/\/douceurdefee61.fr\/index.php\/wp-json\/wp\/v2\/pages\/90","targetHints":{"allow":["GET"]}}],"collection":[{"href":"https:\/\/douceurdefee61.fr\/index.php\/wp-json\/wp\/v2\/pages"}],"about":[{"href":"https:\/\/douceurdefee61.fr\/index.php\/wp-json\/wp\/v2\/types\/page"}],"author":[{"embeddable":true,"href":"https:\/\/douceurdefee61.fr\/index.php\/wp-json\/wp\/v2\/users\/1"}],"replies":[{"embeddable":true,"href":"https:\/\/douceurdefee61.fr\/index.php\/wp-json\/wp\/v2\/comments?post=90"}],"version-history":[{"count":11,"href":"https:\/\/douceurdefee61.fr\/index.php\/wp-json\/wp\/v2\/pages\/90\/revisions"}],"predecessor-version":[{"id":245,"href":"https:\/\/douceurdefee61.fr\/index.php\/wp-json\/wp\/v2\/pages\/90\/revisions\/245"}],"wp:attachment":[{"href":"https:\/\/douceurdefee61.fr\/index.php\/wp-json\/wp\/v2\/media?parent=90"}],"curies":[{"name":"wp","href":"https:\/\/api.w.org\/{rel}","templated":true}]}}